{"id":45,"date":"2021-05-25T08:19:36","date_gmt":"2021-05-25T08:19:36","guid":{"rendered":"https:\/\/www.losroquesdelchaparral.es\/?page_id=45"},"modified":"2023-05-30T14:52:26","modified_gmt":"2023-05-30T14:52:26","slug":"quienes-somos","status":"publish","type":"page","link":"https:\/\/www.losroquesdelchaparral.es\/?page_id=45","title":{"rendered":"Quienes Somos"},"content":{"rendered":"\n<p class=\"has-text-align-left\">Somos una empresa especializada en Proyectos y Construcciones de Obras Civiles, que equilibra las demandas concurrentes de calidad, alcance, tiempo y costos; adaptando las especificaciones, los planes y el enfoque a las diversas inquietudes y expectativas del mercado inmobiliario.<\/p>\n\n\n\n<p class=\"has-text-align-left\">Cuenta con el equipo profesional con s\u00f3lidos conocimientos y amplia experiencia en proyectos y ejecuciones de Obras Civiles, residenciales y comerciales, lo que se transforma en alta calidad de confiabilidad y \u00f3ptimo rendimiento del trabajo.<\/p>\n\n\n\n<p class=\"has-text-align-left\">La empresa fu\u00e9 creada en el a\u00f1o 2020&nbsp; buscando ofrecer todo el confort y dise\u00f1os especializados cumpliendo a cabalidad las normas t\u00e9cnicas vigentes, exigencias de calidad y seguridad, pero sobre todo, nos aseguramos de cumplir y exceder a plena satisfacci\u00f3n una asesor\u00eda continua en forma directa y personalizada a nuestros clientes.<\/p>\n\n\n\n<p class=\"has-text-align-left\">Para ello contamos con profesionales de experiencia y elite acad\u00e9mica, en las diversas \u00e1reas en relaci\u00f3n a la arquitectura, dise\u00f1o, ingenier\u00eda, urbanismo, construcci\u00f3n y proyectos especiales, siendo nuestro especial distintivo el crear un nexo con el cliente que asegure la sostenibilidad del negocio en el tiempo.<\/p>\n\n\n\n<figure class=\"wp-block-gallery alignwide has-nested-images columns-default is-cropped wp-block-gallery-1 is-layout-flex wp-block-gallery-is-layout-flex\">\n<figure class=\"wp-block-image size-large\"><img loading=\"lazy\" decoding=\"async\" width=\"1024\" height=\"569\" data-id=\"73\" src=\"https:\/\/www.losroquesdelchaparral.es\/wp-content\/uploads\/2021\/05\/Condesa-Hill-1-1-1024x569.jpg\" alt=\"\" class=\"wp-image-73\" srcset=\"https:\/\/www.losroquesdelchaparral.es\/wp-content\/uploads\/2021\/05\/Condesa-Hill-1-1-1024x569.jpg 1024w, https:\/\/www.losroquesdelchaparral.es\/wp-content\/uploads\/2021\/05\/Condesa-Hill-1-1-300x167.jpg 300w, https:\/\/www.losroquesdelchaparral.es\/wp-content\/uploads\/2021\/05\/Condesa-Hill-1-1-768x427.jpg 768w, https:\/\/www.losroquesdelchaparral.es\/wp-content\/uploads\/2021\/05\/Condesa-Hill-1-1-1536x853.jpg 1536w, https:\/\/www.losroquesdelchaparral.es\/wp-content\/uploads\/2021\/05\/Condesa-Hill-1-1.jpg 1600w\" sizes=\"(max-width: 1024px) 100vw, 1024px\" \/><\/figure>\n\n\n\n<figure class=\"wp-block-image size-large\"><img loading=\"lazy\" decoding=\"async\" width=\"1024\" height=\"580\" data-id=\"74\" src=\"https:\/\/www.losroquesdelchaparral.es\/wp-content\/uploads\/2021\/05\/Condesa-Hill-2-1-1024x580.jpg\" alt=\"\" class=\"wp-image-74\" srcset=\"https:\/\/www.losroquesdelchaparral.es\/wp-content\/uploads\/2021\/05\/Condesa-Hill-2-1-1024x580.jpg 1024w, https:\/\/www.losroquesdelchaparral.es\/wp-content\/uploads\/2021\/05\/Condesa-Hill-2-1-300x170.jpg 300w, https:\/\/www.losroquesdelchaparral.es\/wp-content\/uploads\/2021\/05\/Condesa-Hill-2-1-768x435.jpg 768w, https:\/\/www.losroquesdelchaparral.es\/wp-content\/uploads\/2021\/05\/Condesa-Hill-2-1-1536x871.jpg 1536w, https:\/\/www.losroquesdelchaparral.es\/wp-content\/uploads\/2021\/05\/Condesa-Hill-2-1.jpg 1600w\" sizes=\"(max-width: 1024px) 100vw, 1024px\" \/><\/figure>\n\n\n\n<figure class=\"wp-block-image size-large\"><img loading=\"lazy\" decoding=\"async\" width=\"1024\" height=\"576\" data-id=\"75\" src=\"https:\/\/www.losroquesdelchaparral.es\/wp-content\/uploads\/2021\/05\/Condesa-Hill-3-1-1024x576.jpg\" alt=\"\" class=\"wp-image-75\" srcset=\"https:\/\/www.losroquesdelchaparral.es\/wp-content\/uploads\/2021\/05\/Condesa-Hill-3-1-1024x576.jpg 1024w, https:\/\/www.losroquesdelchaparral.es\/wp-content\/uploads\/2021\/05\/Condesa-Hill-3-1-300x169.jpg 300w, https:\/\/www.losroquesdelchaparral.es\/wp-content\/uploads\/2021\/05\/Condesa-Hill-3-1-768x432.jpg 768w, https:\/\/www.losroquesdelchaparral.es\/wp-content\/uploads\/2021\/05\/Condesa-Hill-3-1-1536x864.jpg 1536w, https:\/\/www.losroquesdelchaparral.es\/wp-content\/uploads\/2021\/05\/Condesa-Hill-3-1-1920x1080.jpg 1920w, https:\/\/www.losroquesdelchaparral.es\/wp-content\/uploads\/2021\/05\/Condesa-Hill-3-1.jpg 2016w\" sizes=\"(max-width: 1024px) 100vw, 1024px\" \/><\/figure>\n\n\n\n<figure class=\"wp-block-image size-large\"><img loading=\"lazy\" decoding=\"async\" width=\"1024\" height=\"576\" data-id=\"205\" src=\"https:\/\/www.losroquesdelchaparral.es\/wp-content\/uploads\/2023\/05\/Start-Group-3-marzo-Piscina-1-1024x576.jpg\" alt=\"\" class=\"wp-image-205\" srcset=\"https:\/\/www.losroquesdelchaparral.es\/wp-content\/uploads\/2023\/05\/Start-Group-3-marzo-Piscina-1-1024x576.jpg 1024w, https:\/\/www.losroquesdelchaparral.es\/wp-content\/uploads\/2023\/05\/Start-Group-3-marzo-Piscina-1-300x169.jpg 300w, https:\/\/www.losroquesdelchaparral.es\/wp-content\/uploads\/2023\/05\/Start-Group-3-marzo-Piscina-1-768x432.jpg 768w, https:\/\/www.losroquesdelchaparral.es\/wp-content\/uploads\/2023\/05\/Start-Group-3-marzo-Piscina-1.jpg 1151w\" sizes=\"(max-width: 1024px) 100vw, 1024px\" \/><\/figure>\n<\/figure>\n","protected":false},"excerpt":{"rendered":"<p>Somos una empresa especializada en Proyectos y Construcciones de Obras Civiles, que equilibra las demandas concurrentes de calidad, alcance, tiempo y costos; adaptando las especificaciones, los planes y el enfoque a las diversas inquietudes y expectativas del mercado inmobiliario. Cuenta con el equipo profesional con &hellip; <a href=\"https:\/\/www.losroquesdelchaparral.es\/?page_id=45\" class=\"more-link\"><span>Seguir leyendo<span class=\"screen-reader-text\">Quienes Somos<\/span><\/span><\/a><\/p>\n","protected":false},"author":1,"featured_media":0,"parent":0,"menu_order":0,"comment_status":"closed","ping_status":"closed","template":"","meta":{"footnotes":""},"_links":{"self":[{"href":"https:\/\/www.losroquesdelchaparral.es\/index.php?rest_route=\/wp\/v2\/pages\/45"}],"collection":[{"href":"https:\/\/www.losroquesdelchaparral.es\/index.php?rest_route=\/wp\/v2\/pages"}],"about":[{"href":"https:\/\/www.losroquesdelchaparral.es\/index.php?rest_route=\/wp\/v2\/types\/page"}],"author":[{"embeddable":true,"href":"https:\/\/www.losroquesdelchaparral.es\/index.php?rest_route=\/wp\/v2\/users\/1"}],"replies":[{"embeddable":true,"href":"https:\/\/www.losroquesdelchaparral.es\/index.php?rest_route=%2Fwp%2Fv2%2Fcomments&post=45"}],"version-history":[{"count":3,"href":"https:\/\/www.losroquesdelchaparral.es\/index.php?rest_route=\/wp\/v2\/pages\/45\/revisions"}],"predecessor-version":[{"id":218,"href":"https:\/\/www.losroquesdelchaparral.es\/index.php?rest_route=\/wp\/v2\/pages\/45\/revisions\/218"}],"wp:attachment":[{"href":"https:\/\/www.losroquesdelchaparral.es\/index.php?rest_route=%2Fwp%2Fv2%2Fmedia&parent=45"}],"curies":[{"name":"wp","href":"https:\/\/api.w.org\/{rel}","templated":true}]}}